{"id":645,"date":"2024-03-21T12:37:37","date_gmt":"2024-03-21T11:37:37","guid":{"rendered":"https:\/\/monsitedemo.website\/autoecoletaysse\/?page_id=645"},"modified":"2024-04-15T14:29:08","modified_gmt":"2024-04-15T12:29:08","slug":"inscription-auto-ecole","status":"publish","type":"page","link":"https:\/\/monsitedemo.website\/autoecoletaysse\/inscription-auto-ecole\/","title":{"rendered":"Inscription auto ecole"},"content":{"rendered":"<p>[et_pb_section fb_built=&#8221;1&#8243; _builder_version=&#8221;4.24.2&#8243; _module_preset=&#8221;default&#8221; background_color=&#8221;#1086d0&#8243; min_height=&#8221;50vh&#8221; custom_padding=&#8221;200px||||false|false&#8221; global_colors_info=&#8221;{}&#8221;][et_pb_row module_class=&#8221;inverse&#8221; _builder_version=&#8221;4.24.2&#8243; _module_preset=&#8221;default&#8221; width=&#8221;100%&#8221; max_width=&#8221;80%&#8221; custom_margin=&#8221;65px||||false|false&#8221; global_colors_info=&#8221;{}&#8221;][et_pb_column type=&#8221;4_4&#8243; _builder_version=&#8221;4.24.2&#8243; _module_preset=&#8221;default&#8221; background_enable_image=&#8221;off&#8221; background_size=&#8221;contain&#8221; global_colors_info=&#8221;{}&#8221;][et_pb_text _builder_version=&#8221;4.24.2&#8243; _module_preset=&#8221;default&#8221; header_text_align=&#8221;center&#8221; header_text_color=&#8221;#FFFFFF&#8221; header_font_size=&#8221;42px&#8221; custom_padding=&#8221;|300px||300px|false|true&#8221; custom_padding_tablet=&#8221;|0px||0px|false|true&#8221; custom_padding_phone=&#8221;|0px||0px|false|true&#8221; custom_padding_last_edited=&#8221;on|phone&#8221; header_font_size_tablet=&#8221;42px&#8221; header_font_size_phone=&#8221;34px&#8221; header_font_size_last_edited=&#8221;on|phone&#8221; global_colors_info=&#8221;{}&#8221;]<\/p>\n<h1>Inscription \u00e0 l&#8217;auto-\u00e9cole Taysse<\/h1>\n<p>[\/et_pb_text][\/et_pb_column][\/et_pb_row][\/et_pb_section][et_pb_section fb_built=&#8221;1&#8243; _builder_version=&#8221;4.24.3&#8243; _module_preset=&#8221;default&#8221; global_colors_info=&#8221;{}&#8221;][et_pb_row _builder_version=&#8221;4.24.3&#8243; _module_preset=&#8221;default&#8221; global_colors_info=&#8221;{}&#8221;][et_pb_column type=&#8221;4_4&#8243; _builder_version=&#8221;4.24.3&#8243; _module_preset=&#8221;default&#8221; global_colors_info=&#8221;{}&#8221;][et_pb_text _builder_version=&#8221;4.24.3&#8243; _module_preset=&#8221;default&#8221; global_colors_info=&#8221;{}&#8221;]<\/p>\n<p style=\"text-align: center;\">Pour d\u00e9buter votre parcours vers l&#8217;obtention de votre permis de conduire, veuillez pr\u00e9parer et soumettre les documents requis ci-dessous.<\/p>\n<p style=\"text-align: center;\">Ces documents sont n\u00e9cessaires pour la cr\u00e9ation de votre dossier ANTS et pour le processus de cr\u00e9ation de permis.<\/p>\n<p>[\/et_pb_text][\/et_pb_column][\/et_pb_row][et_pb_row column_structure=&#8221;1_2,1_2&#8243; _builder_version=&#8221;4.24.2&#8243; _module_preset=&#8221;default&#8221; width=&#8221;100%&#8221; max_width=&#8221;80%&#8221; global_colors_info=&#8221;{}&#8221;][et_pb_column type=&#8221;1_2&#8243; _builder_version=&#8221;4.24.3&#8243; _module_preset=&#8221;default&#8221; global_colors_info=&#8221;{}&#8221;][et_pb_text _builder_version=&#8221;4.24.2&#8243; _module_preset=&#8221;default&#8221; header_2_font_size=&#8221;20px&#8221; global_colors_info=&#8221;{}&#8221;]<\/p>\n<h2><span style=\"text-decoration: underline;\">Documents Requis pour la Cr\u00e9ation de Dossier ANTS<\/span><\/h2>\n<p>&nbsp;<\/p>\n<ul>\n<li>Ephoto permis (ANTS) : Photos agr\u00e9\u00e9es ANTS n\u00e9cessaires pour l&#8217;identification.<\/li>\n<li>Carte d\u2019identit\u00e9 recto\/verso de l&#8217;\u00e9l\u00e8ve : Une copie claire de votre carte d&#8217;identit\u00e9.<\/li>\n<li>JDC ou Attestation provisoire (de 17 \u00e0 24 ans) : Justificatif de votre journ\u00e9e d\u00e9fense et citoyennet\u00e9 ou une attestation provisoire.<\/li>\n<li>Permis d\u00e9j\u00e0 obtenu recto\/verso : Si applicable, fournissez une copie de tout permis d\u00e9j\u00e0 obtenu.<\/li>\n<li>Justificatif de domicile (- de 6 mois) : Une facture r\u00e9cente pour prouver votre lieu de r\u00e9sidence.<\/li>\n<li>Attestation de domicile de l\u2019h\u00e9bergeur + CNI recto\/verso de la personne figurant sur la facture (h\u00e9bergeur) : Si vous habitez chez quelqu\u2019un, une attestation d\u2019h\u00e9bergement ainsi que la CNI de votre h\u00e9bergeur.<\/li>\n<\/ul>\n<p>&nbsp;<\/p>\n<p>[\/et_pb_text][\/et_pb_column][et_pb_column type=&#8221;1_2&#8243; _builder_version=&#8221;4.24.3&#8243; _module_preset=&#8221;default&#8221; global_colors_info=&#8221;{}&#8221;][et_pb_text _builder_version=&#8221;4.24.2&#8243; _module_preset=&#8221;default&#8221; header_2_font_size=&#8221;20px&#8221; global_colors_info=&#8221;{}&#8221;]<\/p>\n<h2><span style=\"text-decoration: underline;\">Documents Requis pour la Cr\u00e9ation de Permis<\/span><\/h2>\n<p>&nbsp;<\/p>\n<ul>\n<li>Ephoto permis (ANTS) : Photos agr\u00e9\u00e9es ANTS.<\/li>\n<li>Carte d\u2019identit\u00e9 recto\/verso de l&#8217;\u00e9l\u00e8ve : Pour v\u00e9rification de l&#8217;identit\u00e9.<br \/>JDC ou Attestation provisoire (de 17 \u00e0 24 ans) : Confirmation de participation \u00e0 la JDC ou attestation.<\/li>\n<li>ASSR2 si premier permis : Attestation scolaire de s\u00e9curit\u00e9 routi\u00e8re, n\u00e9cessaire pour les nouveaux conducteurs.<\/li>\n<li>Permis d\u00e9j\u00e0 obtenu recto\/verso + Attestation de r\u00e9ussite du permis (CEPC) : Copie de votre permis existant et attestation de r\u00e9ussite.<\/li>\n<li>Justificatif de domicile (- de 6 mois) : Comme ci-dessus.<\/li>\n<li>Attestation de domicile de l\u2019h\u00e9bergeur + CNI recto\/verso de la personne figurant sur la facture (h\u00e9bergeur) : Comme ci-dessus.<\/li>\n<\/ul>\n<p>[\/et_pb_text][\/et_pb_column][\/et_pb_row][et_pb_row _builder_version=&#8221;4.24.2&#8243; _module_preset=&#8221;default&#8221; global_colors_info=&#8221;{}&#8221;][et_pb_column type=&#8221;4_4&#8243; _builder_version=&#8221;4.24.3&#8243; _module_preset=&#8221;default&#8221; global_colors_info=&#8221;{}&#8221;][et_pb_text _builder_version=&#8221;4.24.3&#8243; _module_preset=&#8221;default&#8221; global_colors_info=&#8221;{}&#8221;]<\/p>\n<p>Veuillez rassembler tous les documents requis et les apporter \u00e0 votre rendez-vous d&#8217;inscription \u00e0 notre auto-\u00e9cole.<\/p>\n<p>Vous pouvez \u00e9galement nous contacter pour obtenir des informations sur la possibilit\u00e9 de soumettre ces documents par voie \u00e9lectronique si cela est pr\u00e9f\u00e9r\u00e9.<\/p>\n<p>Nous sommes ici pour vous aider \u00e0 chaque \u00e9tape de votre inscription et pour nous assurer que vous commencez votre formation en toute tranquillit\u00e9.<\/p>\n<p>Pour toutes questions suppl\u00e9mentaires, n\u2019h\u00e9sitez pas \u00e0 nous contacter via <a href=\"https:\/\/auto-ecole-taysse.fr\/contact-taysse-auto-ecole\/\">notre page Contact<\/a>.<\/p>\n<p>[\/et_pb_text][dsm_contact_form_7 cf7_library=&#8221;649&#8243; button_alignment=&#8221;center&#8221; _builder_version=&#8221;4.24.2&#8243; _module_preset=&#8221;default&#8221; custom_button_one=&#8221;on&#8221; button_one_text_color=&#8221;#FFFFFF&#8221; button_one_bg_color=&#8221;#1086D0&#8243; button_one_border_width=&#8221;0px&#8221; button_one_border_color=&#8221;#FFFFFF&#8221; button_one_border_radius=&#8221;23px&#8221; custom_padding=&#8221;|165px||165px|false|true&#8221; custom_padding_tablet=&#8221;|105px||105px|false|true&#8221; custom_padding_phone=&#8221;|17px||17px|false|true&#8221; custom_padding_last_edited=&#8221;on|tablet&#8221; hover_enabled=&#8221;0&#8243; global_colors_info=&#8221;{}&#8221; sticky_enabled=&#8221;0&#8243;][\/dsm_contact_form_7][\/et_pb_column][\/et_pb_row][\/et_pb_section]<\/p>\n","protected":false},"excerpt":{"rendered":"<p>Inscription \u00e0 l&#8217;auto-\u00e9cole TayssePour d\u00e9buter votre parcours vers l&#8217;obtention de votre permis de conduire, veuillez pr\u00e9parer et soumettre les documents requis ci-dessous. Ces documents sont n\u00e9cessaires pour la cr\u00e9ation de votre dossier ANTS et pour le processus de cr\u00e9ation de permis.Documents Requis pour la Cr\u00e9ation de Dossier ANTS &nbsp; Ephoto permis (ANTS) : Photos agr\u00e9\u00e9es ANTS n\u00e9cessaires pour l&#8217;identification. Carte d\u2019identit\u00e9 recto\/verso de l&#8217;\u00e9l\u00e8ve : Une copie claire de votre carte d&#8217;identit\u00e9. JDC ou Attestation provisoire (de 17 \u00e0 24 ans) : Justificatif de votre journ\u00e9e d\u00e9fense et citoyennet\u00e9 ou une attestation provisoire. Permis d\u00e9j\u00e0 obtenu recto\/verso : Si applicable, fournissez une copie de tout permis d\u00e9j\u00e0 obtenu. Justificatif de domicile (- de 6 mois) : Une facture r\u00e9cente pour prouver votre lieu de r\u00e9sidence. Attestation de domicile de l\u2019h\u00e9bergeur + CNI recto\/verso de la personne figurant sur la facture (h\u00e9bergeur) : Si vous habitez chez quelqu\u2019un, une attestation d\u2019h\u00e9bergement ainsi que la CNI de votre h\u00e9bergeur. &nbsp;Documents Requis pour la Cr\u00e9ation de Permis &nbsp; Ephoto permis (ANTS) : Photos agr\u00e9\u00e9es ANTS. Carte d\u2019identit\u00e9 recto\/verso de l&#8217;\u00e9l\u00e8ve : Pour v\u00e9rification de l&#8217;identit\u00e9.JDC ou Attestation provisoire (de 17 \u00e0 24 ans) : Confirmation de participation \u00e0 la JDC ou attestation. ASSR2 [&hellip;]<\/p>\n","protected":false},"author":1,"featured_media":0,"parent":0,"menu_order":0,"comment_status":"closed","ping_status":"closed","template":"","meta":{"_et_pb_use_builder":"on","_et_pb_old_content":"","_et_gb_content_width":"","footnotes":""},"_links":{"self":[{"href":"https:\/\/monsitedemo.website\/autoecoletaysse\/wp-json\/wp\/v2\/pages\/645"}],"collection":[{"href":"https:\/\/monsitedemo.website\/autoecoletaysse\/wp-json\/wp\/v2\/pages"}],"about":[{"href":"https:\/\/monsitedemo.website\/autoecoletaysse\/wp-json\/wp\/v2\/types\/page"}],"author":[{"embeddable":true,"href":"https:\/\/monsitedemo.website\/autoecoletaysse\/wp-json\/wp\/v2\/users\/1"}],"replies":[{"embeddable":true,"href":"https:\/\/monsitedemo.website\/autoecoletaysse\/wp-json\/wp\/v2\/comments?post=645"}],"version-history":[{"count":35,"href":"https:\/\/monsitedemo.website\/autoecoletaysse\/wp-json\/wp\/v2\/pages\/645\/revisions"}],"predecessor-version":[{"id":8581,"href":"https:\/\/monsitedemo.website\/autoecoletaysse\/wp-json\/wp\/v2\/pages\/645\/revisions\/8581"}],"wp:attachment":[{"href":"https:\/\/monsitedemo.website\/autoecoletaysse\/wp-json\/wp\/v2\/media?parent=645"}],"curies":[{"name":"wp","href":"https:\/\/api.w.org\/{rel}","templated":true}]}}