{"id":7683,"date":"2024-04-02T15:12:34","date_gmt":"2024-04-02T13:12:34","guid":{"rendered":"https:\/\/monsitedemo.website\/autoecoletaysse\/?page_id=7683"},"modified":"2024-04-11T11:33:35","modified_gmt":"2024-04-11T09:33:35","slug":"reglement-interieur-auto-ecole-taysse","status":"publish","type":"page","link":"https:\/\/monsitedemo.website\/autoecoletaysse\/reglement-interieur-auto-ecole-taysse\/","title":{"rendered":"reglement interieur"},"content":{"rendered":"<p>[et_pb_section fb_built=&#8221;1&#8243; _builder_version=&#8221;4.24.2&#8243; _module_preset=&#8221;default&#8221; background_color=&#8221;#1086d0&#8243; min_height=&#8221;50vh&#8221; custom_padding=&#8221;200px||||false|false&#8221; global_colors_info=&#8221;{}&#8221;][et_pb_row module_class=&#8221;inverse&#8221; _builder_version=&#8221;4.24.2&#8243; _module_preset=&#8221;default&#8221; width=&#8221;100%&#8221; max_width=&#8221;80%&#8221; custom_margin=&#8221;65px||||false|false&#8221; global_colors_info=&#8221;{}&#8221;][et_pb_column type=&#8221;4_4&#8243; _builder_version=&#8221;4.24.2&#8243; _module_preset=&#8221;default&#8221; background_enable_image=&#8221;off&#8221; background_size=&#8221;contain&#8221; global_colors_info=&#8221;{}&#8221;][et_pb_text _builder_version=&#8221;4.24.2&#8243; _module_preset=&#8221;default&#8221; header_text_align=&#8221;center&#8221; header_text_color=&#8221;#FFFFFF&#8221; hover_enabled=&#8221;0&#8243; global_colors_info=&#8221;{}&#8221; header_font_size=&#8221;50px&#8221; header_font_size_last_edited=&#8221;on|phone&#8221; header_font_size_phone=&#8221;35px&#8221; sticky_enabled=&#8221;0&#8243; header_font_size_tablet=&#8221;50px&#8221;]<\/p>\n<h1>R\u00e9glement int\u00e9rieur auto-\u00e9cole Taysse<\/h1>\n<p>[\/et_pb_text][\/et_pb_column][\/et_pb_row][\/et_pb_section][et_pb_section fb_built=&#8221;1&#8243; _builder_version=&#8221;4.24.2&#8243; _module_preset=&#8221;default&#8221; global_colors_info=&#8221;{}&#8221;][et_pb_row _builder_version=&#8221;4.24.2&#8243; _module_preset=&#8221;default&#8221; width=&#8221;100%&#8221; global_colors_info=&#8221;{}&#8221;][et_pb_column type=&#8221;4_4&#8243; _builder_version=&#8221;4.24.2&#8243; _module_preset=&#8221;default&#8221; global_colors_info=&#8221;{}&#8221;][et_pb_text _builder_version=&#8221;4.24.2&#8243; _module_preset=&#8221;default&#8221; text_font_size=&#8221;18px&#8221; hover_enabled=&#8221;0&#8243; global_colors_info=&#8221;{}&#8221; custom_padding_last_edited=&#8221;on|desktop&#8221; custom_padding_phone=&#8221;|30px||30px|false|true&#8221; sticky_enabled=&#8221;0&#8243; custom_padding_tablet=&#8221;|50px||50px|false|true&#8221;]<\/p>\n<p>Ce r\u00e8glement a pour objectif de d\u00e9finir les r\u00e8gles relatives \u00e0 l\u2019hygi\u00e8ne, \u00e0 la s\u00e9curit\u00e9 ainsi qu\u2019 \u00e0 discipline au bon fonctionnement de nos \u00e9tablissements.<\/p>\n<p>&nbsp;<\/p>\n<p>Ce r\u00e8glement est applicable par tous nos \u00e9l\u00e8ves.<\/p>\n<p>&nbsp;<\/p>\n<p><span style=\"font-size: 18px;\">Article 1 :<\/span><\/p>\n<ul>\n<li>Nos auto-\u00e9cole appliquent les r\u00e8gles d\u2019enseignement selon les lois en vigueur notamment par l\u2019arr\u00eat\u00e9 minist\u00e9riel relatif au r\u00e9f\u00e9rentiel pour l\u2019\u00e9ducation \u00e0 une motricit\u00e9 citoyenne (REMC) en vigueur depuis le 1\/07\/2014.<\/li>\n<\/ul>\n<p>&nbsp;<\/p>\n<ul>\n<li>Article 2 :<br \/>Tout \u00e9l\u00e8ve inscrit dans nos \u00e9tablissements se doit de respecter les conditions de fonctionnement sans restrictions \u00e0 savoir :<br \/>&gt; Respect envers l\u2019ensemble du personnel et les autres \u00e9l\u00e8ves. Tout acte de violence verbale ou physique pourra entra\u00eener l\u2019exclusion d\u00e9finitive des \u00e9tablissements. Il en serait de m\u00eame pour les \u00e9l\u00e8ves qui seraient sous l\u2019emprise de l\u2019alcool ou de drogues.<br \/>&gt; Respect des locaux( salle , toilettes et piste) et du mat\u00e9riel.<br \/>&gt; Avoir une tenue et comportement correct adapt\u00e9s \u00e0 la formation.<br \/>&gt; Formation B pas de chaussures \u00e0 talon trop hauts.<br \/>&gt; Formation 2 roues, blouson (homologu\u00e9 pour les permis A), paire de gants homologu\u00e9s, casque moto \u00e0 sa taille et homologu\u00e9, pantalon long et chaussures ferm\u00e9s et montantes).<\/li>\n<\/ul>\n<p>&nbsp;<\/p>\n<ul>\n<li>Article 3 :<br \/>D\u00e8s que votre dossier est complet (pi\u00e8ces administratives) l\u2019auto-\u00e9cole s\u2019engage \u00e0 proc\u00e9der dans<br \/>les meilleurs d\u00e9lais \u00e0 votre inscription aupr\u00e8s du site ANTS.<\/li>\n<\/ul>\n<p>&nbsp;<\/p>\n<ul>\n<li>Article 4 :<br \/>Toute le\u00e7on, non d\u00e9command\u00e9e 48 h \u00e0 l\u2019avance, jours ouvrables, sera consid\u00e9r\u00e9e comme due sauf cas de force majeure d\u00fbment justifi\u00e9e (Certificat m\u00e9dical).<br \/>L\u2019auto-\u00e9cole se r\u00e9serve la possibilit\u00e9 d\u2019annuler des le\u00e7ons sans pr\u00e9avis en cas de force majeure (arr\u00eat maladie d\u2019un enseignant, annulation ou modification des examens) et notamment dans tous les cas o\u00f9 la s\u00e9curit\u00e9 ne pourrait \u00eatre assur\u00e9e.<\/li>\n<\/ul>\n<p>&nbsp;<\/p>\n<ul>\n<li>Article 5 :<br \/>L\u2019\u00e9l\u00e8ve doit venir \u00e0 chaque cours de pratique B avec son livret d\u2019apprentissage, \u00e0 d\u00e9faut l\u2019enseignant pourra accompagner l\u2019\u00e9l\u00e8ve sur le temps de son cours pour le r\u00e9cup\u00e9rer dans un p\u00e9rim\u00e8tre raisonnable.<br \/>Le cas \u00e9ch\u00e9ant, le cours ne pourrait avoir lieu.<\/li>\n<\/ul>\n<p>&nbsp;<\/p>\n<ul>\n<li>Article 6 :<br \/>Le contrat est conclu pour une dur\u00e9e de 18 mois. Sans aucune nouvelle de l\u2019\u00e9l\u00e8ve au del\u00e0 des 18 mois, l\u2019auto-\u00e9cole consid\u00e9ra que celui a renonc\u00e9 \u00e0 sa formation et ne pourra la reprendre<br \/>ou obtenir le remboursement.<\/li>\n<\/ul>\n<p>&nbsp;<\/p>\n<ul>\n<li>Article 7 :<br \/>Une date d\u2019examen pour l\u2019\u00e9preuve pratique est attribu\u00e9e apr\u00e8s validation des quatre bilan de comp\u00e9tences.<br \/>Le candidat devra se rendre dans l\u2019\u00e9tablissement pour obtenir une date d\u2019examen pratique<br \/>(Aucune date ne sera donn\u00e9e par t\u00e9l\u00e9phone).<br \/>Si le candidat choisit de ne pas se pr\u00e9senter \u00e0 l\u2019examen pratique, il doit en avertir L\u2019auto-\u00e9cole au moins 7 jours ouvrables avant sa date d\u2019examen. Sauf cas de force majeure justifi\u00e9e.<br \/>Pour chaque examen l\u2019\u00e9l\u00e8ve doit fournir son passeport ou carte identit\u00e9, ainsi que permis de conduite pour le permis A.<\/li>\n<\/ul>\n<p>&nbsp;<\/p>\n<ul>\n<li>Article 8 :<br \/>Les comptes doivent \u00eatre sold\u00e9s 72 h avant l\u2019examen pratique ou \u00e0 la fin de la formation initiale (FFI) AAC.<br \/>La pr\u00e9sentation aux examens est conditionn\u00e9e par les places attribu\u00e9es par la DDTM. L\u2019auto-\u00e9cole a vis-\u00e0-vis du candidat, une obligation de moyen et non une obligation de r\u00e9sultat.<\/li>\n<\/ul>\n<p>[\/et_pb_text][et_pb_button button_url=&#8221;https:\/\/monsitedemo.website\/autoecoletaysse\/contact\/&#8221; button_text=&#8221;Nous contacter&#8221; button_alignment=&#8221;center&#8221; _builder_version=&#8221;4.24.2&#8243; _module_preset=&#8221;default&#8221; custom_button=&#8221;on&#8221; button_text_color=&#8221;#FFFFFF&#8221; button_bg_color=&#8221;#1086D0&#8243; button_border_radius=&#8221;23px&#8221; global_colors_info=&#8221;{}&#8221; button_bg_color__hover_enabled=&#8221;off|hover&#8221; button_bg_color__hover=&#8221;#FFCB01&#8243; button_bg_enable_color__hover=&#8221;on&#8221;][\/et_pb_button][\/et_pb_column][\/et_pb_row][\/et_pb_section]<\/p>\n","protected":false},"excerpt":{"rendered":"<p>R\u00e9glement int\u00e9rieur auto-\u00e9cole TaysseCe r\u00e8glement a pour objectif de d\u00e9finir les r\u00e8gles relatives \u00e0 l\u2019hygi\u00e8ne, \u00e0 la s\u00e9curit\u00e9 ainsi qu\u2019 \u00e0 discipline au bon fonctionnement de nos \u00e9tablissements. &nbsp; Ce r\u00e8glement est applicable par tous nos \u00e9l\u00e8ves. &nbsp; Article 1 : Nos auto-\u00e9cole appliquent les r\u00e8gles d\u2019enseignement selon les lois en vigueur notamment par l\u2019arr\u00eat\u00e9 minist\u00e9riel relatif au r\u00e9f\u00e9rentiel pour l\u2019\u00e9ducation \u00e0 une motricit\u00e9 citoyenne (REMC) en vigueur depuis le 1\/07\/2014. &nbsp; Article 2 :Tout \u00e9l\u00e8ve inscrit dans nos \u00e9tablissements se doit de respecter les conditions de fonctionnement sans restrictions \u00e0 savoir :&gt; Respect envers l\u2019ensemble du personnel et les autres \u00e9l\u00e8ves. Tout acte de violence verbale ou physique pourra entra\u00eener l\u2019exclusion d\u00e9finitive des \u00e9tablissements. Il en serait de m\u00eame pour les \u00e9l\u00e8ves qui seraient sous l\u2019emprise de l\u2019alcool ou de drogues.&gt; Respect des locaux( salle , toilettes et piste) et du mat\u00e9riel.&gt; Avoir une tenue et comportement correct adapt\u00e9s \u00e0 la formation.&gt; Formation B pas de chaussures \u00e0 talon trop hauts.&gt; Formation 2 roues, blouson (homologu\u00e9 pour les permis A), paire de gants homologu\u00e9s, casque moto \u00e0 sa taille et homologu\u00e9, pantalon long et chaussures ferm\u00e9s et montantes). &nbsp; Article 3 :D\u00e8s que votre dossier est complet (pi\u00e8ces administratives) [&hellip;]<\/p>\n","protected":false},"author":1,"featured_media":0,"parent":0,"menu_order":0,"comment_status":"closed","ping_status":"closed","template":"","meta":{"_et_pb_use_builder":"on","_et_pb_old_content":"","_et_gb_content_width":"","footnotes":""},"_links":{"self":[{"href":"https:\/\/monsitedemo.website\/autoecoletaysse\/wp-json\/wp\/v2\/pages\/7683"}],"collection":[{"href":"https:\/\/monsitedemo.website\/autoecoletaysse\/wp-json\/wp\/v2\/pages"}],"about":[{"href":"https:\/\/monsitedemo.website\/autoecoletaysse\/wp-json\/wp\/v2\/types\/page"}],"author":[{"embeddable":true,"href":"https:\/\/monsitedemo.website\/autoecoletaysse\/wp-json\/wp\/v2\/users\/1"}],"replies":[{"embeddable":true,"href":"https:\/\/monsitedemo.website\/autoecoletaysse\/wp-json\/wp\/v2\/comments?post=7683"}],"version-history":[{"count":9,"href":"https:\/\/monsitedemo.website\/autoecoletaysse\/wp-json\/wp\/v2\/pages\/7683\/revisions"}],"predecessor-version":[{"id":8385,"href":"https:\/\/monsitedemo.website\/autoecoletaysse\/wp-json\/wp\/v2\/pages\/7683\/revisions\/8385"}],"wp:attachment":[{"href":"https:\/\/monsitedemo.website\/autoecoletaysse\/wp-json\/wp\/v2\/media?parent=7683"}],"curies":[{"name":"wp","href":"https:\/\/api.w.org\/{rel}","templated":true}]}}