{"id":7744,"date":"2024-04-02T19:09:50","date_gmt":"2024-04-02T17:09:50","guid":{"rendered":"https:\/\/monsitedemo.website\/autoecoletaysse\/?page_id=7744"},"modified":"2024-04-09T19:03:47","modified_gmt":"2024-04-09T17:03:47","slug":"permis-a-1-euro-par-jour-auto-ecole-taysse","status":"publish","type":"page","link":"https:\/\/monsitedemo.website\/autoecoletaysse\/permis-a-1-euro-par-jour-auto-ecole-taysse\/","title":{"rendered":"Permis a 1 euro par jour Gironde"},"content":{"rendered":"<p>[et_pb_section fb_built=&#8221;1&#8243; _builder_version=&#8221;4.24.2&#8243; _module_preset=&#8221;default&#8221; background_color=&#8221;#1086d0&#8243; custom_padding=&#8221;200px||||false|false&#8221; hover_enabled=&#8221;0&#8243; global_colors_info=&#8221;{}&#8221; min_height=&#8221;50vh&#8221; sticky_enabled=&#8221;0&#8243;][et_pb_row module_class=&#8221;inverse&#8221; _builder_version=&#8221;4.24.2&#8243; _module_preset=&#8221;default&#8221; width=&#8221;100%&#8221; max_width=&#8221;80%&#8221; hover_enabled=&#8221;0&#8243; global_colors_info=&#8221;{}&#8221; custom_margin=&#8221;65px||||false|false&#8221; sticky_enabled=&#8221;0&#8243;][et_pb_column type=&#8221;4_4&#8243; _builder_version=&#8221;4.24.2&#8243; _module_preset=&#8221;default&#8221; background_enable_image=&#8221;off&#8221; background_size=&#8221;contain&#8221; global_colors_info=&#8221;{}&#8221;][et_pb_text _builder_version=&#8221;4.24.2&#8243; _module_preset=&#8221;default&#8221; header_text_align=&#8221;center&#8221; header_text_color=&#8221;#FFFFFF&#8221; custom_padding=&#8221;|300px||300px|false|true&#8221; custom_padding_tablet=&#8221;|0px||0px|false|true&#8221; custom_padding_phone=&#8221;|0px||0px|false|true&#8221; custom_padding_last_edited=&#8221;on|phone&#8221; hover_enabled=&#8221;0&#8243; header_font_size_tablet=&#8221;&#8221; header_font_size_phone=&#8221;34px&#8221; header_font_size_last_edited=&#8221;on|phone&#8221; global_colors_info=&#8221;{}&#8221; header_font_size=&#8221;42px&#8221; sticky_enabled=&#8221;0&#8243;]<\/p>\n<h1>Permis \u00e0 1 Euro Par Jour : Votre Permis de Conduire Facilit\u00e9<\/h1>\n<p>[\/et_pb_text][\/et_pb_column][\/et_pb_row][\/et_pb_section][et_pb_section fb_built=&#8221;1&#8243; custom_padding_last_edited=&#8221;on|phone&#8221; _builder_version=&#8221;4.24.2&#8243; _module_preset=&#8221;default&#8221; custom_padding_tablet=&#8221;&#8221; custom_padding_phone=&#8221;|20px||20px|false|true&#8221; global_colors_info=&#8221;{}&#8221;][et_pb_row column_structure=&#8221;1_2,1_2&#8243; custom_padding_last_edited=&#8221;on|tablet&#8221; _builder_version=&#8221;4.24.2&#8243; _module_preset=&#8221;default&#8221; width=&#8221;100%&#8221; custom_padding_tablet=&#8221;|20px||20px|false|true&#8221; custom_padding_phone=&#8221;|20px||20px|false|true&#8221; global_colors_info=&#8221;{}&#8221;][et_pb_column type=&#8221;1_2&#8243; _builder_version=&#8221;4.24.2&#8243; _module_preset=&#8221;default&#8221; global_colors_info=&#8221;{}&#8221;][et_pb_text _builder_version=&#8221;4.24.2&#8243; _module_preset=&#8221;default&#8221; hover_enabled=&#8221;0&#8243; global_colors_info=&#8221;{}&#8221; sticky_enabled=&#8221;0&#8243;]<\/p>\n<p>Le permis \u00e0 1 euro par jour est une initiative gouvernementale con\u00e7ue pour aider les jeunes de 15 \u00e0 25 ans \u00e0 financer leur formation au permis de conduire, sans alourdir leur budget.<\/p>\n<p>Gr\u00e2ce \u00e0 ce dispositif, le co\u00fbt de la formation est \u00e9tal\u00e9 sur plusieurs mois, avec une charge quotidienne d&#8217;uniquement 1 euro, rendant ainsi l&#8217;acc\u00e8s au permis de conduire plus accessible.<\/p>\n<p>[\/et_pb_text][\/et_pb_column][et_pb_column type=&#8221;1_2&#8243; _builder_version=&#8221;4.24.2&#8243; _module_preset=&#8221;default&#8221; global_colors_info=&#8221;{}&#8221;][et_pb_image src=&#8221;https:\/\/monsitedemo.website\/autoecoletaysse\/wp-content\/uploads\/2024\/03\/permis-a-1-euro-par-jour.jpg&#8221; alt=&#8221;Le permis a une euro par jour&#8221; title_text=&#8221;permis-a-1-euro-par-jour&#8221; align=&#8221;center&#8221; _builder_version=&#8221;4.24.2&#8243; _module_preset=&#8221;default&#8221; width=&#8221;51%&#8221; width_tablet=&#8221;30%&#8221; width_phone=&#8221;50%&#8221; width_last_edited=&#8221;on|phone&#8221; custom_margin=&#8221;-33px||||false|false&#8221; custom_padding=&#8221;||||false|false&#8221; global_colors_info=&#8221;{}&#8221;][\/et_pb_image][\/et_pb_column][\/et_pb_row][et_pb_row column_structure=&#8221;3_5,2_5&#8243; custom_padding_last_edited=&#8221;on|tablet&#8221; _builder_version=&#8221;4.24.2&#8243; _module_preset=&#8221;default&#8221; width=&#8221;100%&#8221; custom_padding_tablet=&#8221;|20px||20px|false|true&#8221; custom_padding_phone=&#8221;|20px||20px|false|true&#8221; global_colors_info=&#8221;{}&#8221;][et_pb_column type=&#8221;3_5&#8243; _builder_version=&#8221;4.24.2&#8243; _module_preset=&#8221;default&#8221; global_colors_info=&#8221;{}&#8221;][et_pb_text _builder_version=&#8221;4.24.2&#8243; _module_preset=&#8221;default&#8221; hover_enabled=&#8221;0&#8243; global_colors_info=&#8221;{}&#8221; header_2_font_size=&#8221;25px&#8221; sticky_enabled=&#8221;0&#8243;]<\/p>\n<h2>Les Avantages du Dispositif<\/h2>\n<p>[\/et_pb_text][et_pb_divider color=&#8221;#FFCB01&#8243; divider_weight=&#8221;3px&#8221; _builder_version=&#8221;4.24.2&#8243; _module_preset=&#8221;default&#8221; width=&#8221;20%&#8221; global_colors_info=&#8221;{}&#8221;][\/et_pb_divider][et_pb_text _builder_version=&#8221;4.24.2&#8243; _module_preset=&#8221;default&#8221; global_colors_info=&#8221;{}&#8221;]<\/p>\n<ul>\n<li>Acc\u00e8s Facilit\u00e9 : Permet aux jeunes de financer leur permis de conduire en douceur, sans pression financi\u00e8re imm\u00e9diate.<\/li>\n<\/ul>\n<p>&nbsp;<\/p>\n<ul>\n<li>Pr\u00eat \u00e0 Taux Z\u00e9ro : Aucun int\u00e9r\u00eat n&#8217;est appliqu\u00e9 sur le montant emprunt\u00e9, l&#8217;\u00c9tat prend en charge les frais suppl\u00e9mentaires.<\/li>\n<\/ul>\n<p>&nbsp;<\/p>\n<ul>\n<li>Formation de Qualit\u00e9 : Accessible pour les cat\u00e9gories A (moto) et B (voiture) du permis de conduire.<\/li>\n<\/ul>\n<p>[\/et_pb_text][\/et_pb_column][et_pb_column type=&#8221;2_5&#8243; _builder_version=&#8221;4.24.2&#8243; _module_preset=&#8221;default&#8221; global_colors_info=&#8221;{}&#8221;][\/et_pb_column][\/et_pb_row][et_pb_row column_structure=&#8221;2_5,3_5&#8243; _builder_version=&#8221;4.24.2&#8243; _module_preset=&#8221;default&#8221; width=&#8221;100%&#8221; global_colors_info=&#8221;{}&#8221;][et_pb_column type=&#8221;2_5&#8243; _builder_version=&#8221;4.24.2&#8243; _module_preset=&#8221;default&#8221; global_colors_info=&#8221;{}&#8221;][et_pb_image src=&#8221;https:\/\/monsitedemo.website\/autoecoletaysse\/wp-content\/uploads\/2024\/04\/car-document-1086d0.gif&#8221; title_text=&#8221;car document 1086d0&#8243; align=&#8221;center&#8221; _builder_version=&#8221;4.24.2&#8243; _module_preset=&#8221;default&#8221; width=&#8221;40%&#8221; width_tablet=&#8221;25%&#8221; width_phone=&#8221;53%&#8221; width_last_edited=&#8221;on|phone&#8221; custom_padding=&#8221;61px||||false|false&#8221; global_colors_info=&#8221;{}&#8221;][\/et_pb_image][\/et_pb_column][et_pb_column type=&#8221;3_5&#8243; _builder_version=&#8221;4.24.2&#8243; _module_preset=&#8221;default&#8221; global_colors_info=&#8221;{}&#8221;][et_pb_text _builder_version=&#8221;4.24.2&#8243; _module_preset=&#8221;default&#8221; custom_padding=&#8221;|20px||20px|false|true&#8221; hover_enabled=&#8221;0&#8243; global_colors_info=&#8221;{}&#8221; header_2_font_size=&#8221;25px&#8221; sticky_enabled=&#8221;0&#8243;]<\/p>\n<h2>Comment B\u00e9n\u00e9ficier du Permis \u00e0 1 Euro Par Jour ?<\/h2>\n<p>[\/et_pb_text][et_pb_divider color=&#8221;#FFCB01&#8243; divider_weight=&#8221;3px&#8221; _builder_version=&#8221;4.24.2&#8243; _module_preset=&#8221;default&#8221; width=&#8221;20%&#8221; custom_padding=&#8221;|||20px|false|false&#8221; global_colors_info=&#8221;{}&#8221;][\/et_pb_divider][et_pb_text _builder_version=&#8221;4.24.2&#8243; _module_preset=&#8221;default&#8221; custom_padding=&#8221;|||20px|false|false&#8221; custom_padding_tablet=&#8221;|20px||20px|false|true&#8221; custom_padding_phone=&#8221;|20px||20px|false|true&#8221; custom_padding_last_edited=&#8221;on|tablet&#8221; global_colors_info=&#8221;{}&#8221;]<\/p>\n<ul>\n<li>\u00c9ligibilit\u00e9 : Ce dispositif s&#8217;adresse aux jeunes de 15 \u00e0 25 ans souhaitant s&#8217;inscrire pour la premi\u00e8re fois \u00e0 une formation de conduite.<\/li>\n<\/ul>\n<p>&nbsp;<\/p>\n<ul>\n<li>Inscription : Rendez-vous dans une auto-\u00e9cole agr\u00e9\u00e9e participant au programme pour compl\u00e9ter votre inscription.<\/li>\n<\/ul>\n<p>&nbsp;<\/p>\n<ul>\n<li>Financement : Le financement est assur\u00e9 par un pr\u00eat \u00e0 taux z\u00e9ro que vous remboursez \u00e0 hauteur de 30 euros par mois maximum.<\/li>\n<\/ul>\n<ol><\/ol>\n<p>[\/et_pb_text][\/et_pb_column][\/et_pb_row][et_pb_row _builder_version=&#8221;4.24.2&#8243; _module_preset=&#8221;default&#8221; width=&#8221;100%&#8221; global_colors_info=&#8221;{}&#8221;][et_pb_column type=&#8221;4_4&#8243; _builder_version=&#8221;4.24.2&#8243; _module_preset=&#8221;default&#8221; global_colors_info=&#8221;{}&#8221;][et_pb_text _builder_version=&#8221;4.24.2&#8243; _module_preset=&#8221;default&#8221; custom_padding_tablet=&#8221;|20px||20px|false|true&#8221; custom_padding_phone=&#8221;|20px||20px|false|true&#8221; custom_padding_last_edited=&#8221;on|tablet&#8221; hover_enabled=&#8221;0&#8243; global_colors_info=&#8221;{}&#8221; header_2_font_size=&#8221;25px&#8221; sticky_enabled=&#8221;0&#8243;]<\/p>\n<h2>S&#8217;inscrire au Permis \u00e0 1 Euro Par Jour<\/h2>\n<p>[\/et_pb_text][et_pb_divider color=&#8221;#FFCB01&#8243; divider_weight=&#8221;3px&#8221; _builder_version=&#8221;4.24.2&#8243; _module_preset=&#8221;default&#8221; width=&#8221;20%&#8221; custom_padding_tablet=&#8221;|||20px|false|false&#8221; custom_padding_phone=&#8221;|||20px|false|false&#8221; custom_padding_last_edited=&#8221;on|tablet&#8221; global_colors_info=&#8221;{}&#8221;][\/et_pb_divider][et_pb_text _builder_version=&#8221;4.24.2&#8243; _module_preset=&#8221;default&#8221; custom_padding_tablet=&#8221;|20px||20px|false|false&#8221; custom_padding_phone=&#8221;|20px||20px|false|false&#8221; custom_padding_last_edited=&#8221;on|tablet&#8221; global_colors_info=&#8221;{}&#8221;]<\/p>\n<p>Pour vous inscrire, choisissez une auto-\u00e9cole labellis\u00e9e participant au programme. Pr\u00e9parez les documents n\u00e9cessaires \u00e0 votre inscription et discutez avec votre auto-\u00e9cole des modalit\u00e9s de mise en place du financement.<\/p>\n<p>Ce dispositif est une opportunit\u00e9 exceptionnelle pour les jeunes de franchir le pas vers l&#8217;ind\u00e9pendance en obtenant leur permis de conduire de mani\u00e8re \u00e9conomique et simplifi\u00e9e.<\/p>\n<p>Pour plus d&#8217;informations et pour d\u00e9buter votre d\u00e9marche, visitez le site de la S\u00e9curit\u00e9 Routi\u00e8re\u200b<\/p>\n<p><span class=\"\" data-state=\"closed\"><span class=\"text-token-text-secondary\">(<\/span><a href=\"https:\/\/www.securite-routiere.gouv.fr\/passer-son-permis-de-conduire\/financement-du-permis-de-conduire\/permis-1-eu-par-jour#:~:text=URL%3A%20https%3A%2F%2Fwww.securite,100\" target=\"_blank\" rel=\"noopener noreferrer\" class=\"text-green-600 !no-underline\">Securite Routiere<\/a><span class=\"text-token-text-secondary\">)<\/span><\/span><span>\u200b ou Service-Public.fr\u200b<\/span><span class=\"\" data-state=\"closed\"><span class=\"text-token-text-secondary\"> (<\/span><a href=\"https:\/\/www.service-public.fr\/particuliers\/vosdroits\/F13609\" target=\"_blank\" rel=\"noopener noreferrer\" class=\"text-green-600 !no-underline\">Service Public<\/a><span class=\"text-token-text-secondary\">)<\/span><\/span><span>\u200b.<\/span><\/p>\n<p>[\/et_pb_text][\/et_pb_column][\/et_pb_row][et_pb_row _builder_version=&#8221;4.24.2&#8243; _module_preset=&#8221;default&#8221; global_colors_info=&#8221;{}&#8221;][et_pb_column type=&#8221;4_4&#8243; _builder_version=&#8221;4.24.2&#8243; _module_preset=&#8221;default&#8221; global_colors_info=&#8221;{}&#8221;][et_pb_button button_url=&#8221;https:\/\/monsitedemo.website\/autoecoletaysse\/contact\/&#8221; button_text=&#8221;Nous contacter pour en savoir plus&#8221; button_alignment=&#8221;center&#8221; _builder_version=&#8221;4.24.2&#8243; _module_preset=&#8221;default&#8221; custom_button=&#8221;on&#8221; button_text_color=&#8221;#FFFFFF&#8221; button_bg_color=&#8221;#1086D0&#8243; button_border_width=&#8221;0px&#8221; button_border_radius=&#8221;23px&#8221; global_colors_info=&#8221;{}&#8221;][\/et_pb_button][\/et_pb_column][\/et_pb_row][\/et_pb_section]<\/p>\n","protected":false},"excerpt":{"rendered":"<p>Permis \u00e0 1 Euro Par Jour : Votre Permis de Conduire Facilit\u00e9Le permis \u00e0 1 euro par jour est une initiative gouvernementale con\u00e7ue pour aider les jeunes de 15 \u00e0 25 ans \u00e0 financer leur formation au permis de conduire, sans alourdir leur budget. Gr\u00e2ce \u00e0 ce dispositif, le co\u00fbt de la formation est \u00e9tal\u00e9 sur plusieurs mois, avec une charge quotidienne d&#8217;uniquement 1 euro, rendant ainsi l&#8217;acc\u00e8s au permis de conduire plus accessible.Les Avantages du Dispositif Acc\u00e8s Facilit\u00e9 : Permet aux jeunes de financer leur permis de conduire en douceur, sans pression financi\u00e8re imm\u00e9diate. &nbsp; Pr\u00eat \u00e0 Taux Z\u00e9ro : Aucun int\u00e9r\u00eat n&#8217;est appliqu\u00e9 sur le montant emprunt\u00e9, l&#8217;\u00c9tat prend en charge les frais suppl\u00e9mentaires. &nbsp; Formation de Qualit\u00e9 : Accessible pour les cat\u00e9gories A (moto) et B (voiture) du permis de conduire. Comment B\u00e9n\u00e9ficier du Permis \u00e0 1 Euro Par Jour ? \u00c9ligibilit\u00e9 : Ce dispositif s&#8217;adresse aux jeunes de 15 \u00e0 25 ans souhaitant s&#8217;inscrire pour la premi\u00e8re fois \u00e0 une formation de conduite. &nbsp; Inscription : Rendez-vous dans une auto-\u00e9cole agr\u00e9\u00e9e participant au programme pour compl\u00e9ter votre inscription. &nbsp; Financement : Le financement est assur\u00e9 par un pr\u00eat \u00e0 taux z\u00e9ro que vous remboursez \u00e0 hauteur [&hellip;]<\/p>\n","protected":false},"author":1,"featured_media":0,"parent":0,"menu_order":0,"comment_status":"closed","ping_status":"closed","template":"","meta":{"_et_pb_use_builder":"on","_et_pb_old_content":"","_et_gb_content_width":"","footnotes":""},"_links":{"self":[{"href":"https:\/\/monsitedemo.website\/autoecoletaysse\/wp-json\/wp\/v2\/pages\/7744"}],"collection":[{"href":"https:\/\/monsitedemo.website\/autoecoletaysse\/wp-json\/wp\/v2\/pages"}],"about":[{"href":"https:\/\/monsitedemo.website\/autoecoletaysse\/wp-json\/wp\/v2\/types\/page"}],"author":[{"embeddable":true,"href":"https:\/\/monsitedemo.website\/autoecoletaysse\/wp-json\/wp\/v2\/users\/1"}],"replies":[{"embeddable":true,"href":"https:\/\/monsitedemo.website\/autoecoletaysse\/wp-json\/wp\/v2\/comments?post=7744"}],"version-history":[{"count":14,"href":"https:\/\/monsitedemo.website\/autoecoletaysse\/wp-json\/wp\/v2\/pages\/7744\/revisions"}],"predecessor-version":[{"id":8080,"href":"https:\/\/monsitedemo.website\/autoecoletaysse\/wp-json\/wp\/v2\/pages\/7744\/revisions\/8080"}],"wp:attachment":[{"href":"https:\/\/monsitedemo.website\/autoecoletaysse\/wp-json\/wp\/v2\/media?parent=7744"}],"curies":[{"name":"wp","href":"https:\/\/api.w.org\/{rel}","templated":true}]}}